{"id":150,"date":"2017-11-28T09:20:39","date_gmt":"2017-11-28T08:20:39","guid":{"rendered":"http:\/\/yoga-der-mitte.info\/blogn\/?page_id=150"},"modified":"2025-02-04T10:50:50","modified_gmt":"2025-02-04T09:50:50","slug":"aktuelle-meditationen-und-vortraege","status":"publish","type":"page","link":"https:\/\/yoga-der-mitte.info\/blogn\/aktuelle-meditationen-und-vortraege\/","title":{"rendered":"Aktuelle Meditationen und Vortr\u00e4ge"},"content":{"rendered":"\n<p>Weiterf\u00fchrende Informationen zu Shri Mataji und Sahaja Yoga: <a href=\"https:\/\/shrimataji.org\/de\/home\/\" target=\"_blank\" rel=\"noreferrer noopener nofollow\">https:\/\/shrimataji.org\/de\/home\/<\/a><\/p>\n\n\n<h2><span style=\"color: #008000;\"><strong>Aktuelle Meditationen<\/strong><\/span><\/h2>\n<p>Termine \u00f6sterreichweit <a href=\"https:\/\/sahajayoga.at\/veranstaltungen.php\" target=\"_blank\" rel=\"noopener noreferrer\">https:\/\/sahajayoga.at\/veranstaltungen.php<\/a><br \/>Termine weltweit:\u00a0<a href=\"https:\/\/www.sahajayoga.org\/worldwidecontacts\/default.asp\" target=\"_blank\" rel=\"noopener noreferrer\">https:\/\/www.sahajayoga.org<\/a><\/p>\n\n\n<p><\/p>\n\n\n<h4><strong><span style=\"color: #008000;\"><em>Langenlois<\/em><\/span><\/strong><\/h4>\n<p>Meditationsabend in Langenlois<br>Mittwochs 19.00 Uhr<br>Rudolfstra\u00dfe 15<br><\/p>\n<h4><em><strong><span style=\"color: #008000;\">Onlinetermine f\u00fcr Fortgeschrittene<\/span><\/strong><\/em><\/h4>\n<p><label class=\"description\" for=\"shortcode_lister_settingsN\u00e4chste Meditation in 10 Tagen 15 St. 39 M.&lt;br&gt;Di. 28.04.2026 19:30 Uhr, Fritz&lt;br&gt;Di. 12.05.2026 19:30 Uhr, Fritz&lt;br&gt;Di. 26.05.2026 19:30 Uhr, Fritz&lt;br&gt;\">N\u00e4chste Meditation in 10 Tagen 15 St. 39 M.<br>Di. 28.04.2026 19:30 Uhr, Fritz<br>Di. 12.05.2026 19:30 Uhr, Fritz<br>Di. 26.05.2026 19:30 Uhr, Fritz<br><\/label><\/p>","protected":false},"excerpt":{"rendered":"<p>Weiterf\u00fchrende Informationen zu Shri Mataji und Sahaja Yoga: https:\/\/shrimataji.org\/de\/home\/ Aktuelle Meditationen Termine \u00f6sterreichweit https:\/\/sahajayoga.at\/veranstaltungen.phpTermine weltweit:\u00a0https:\/\/www.sahajayoga.org Langenlois Onlinetermine f\u00fcr Fortgeschrittene<\/p>\n","protected":false},"author":3,"featured_media":0,"parent":0,"menu_order":0,"comment_status":"closed","ping_status":"closed","template":"templates\/template-twocolumns-right.php","meta":{"footnotes":""},"class_list":["post-150","page","type-page","status-publish","hentry"],"yoast_head":"<!-- This site is optimized with the Yoast SEO plugin v27.4 - https:\/\/yoast.com\/product\/yoast-seo-wordpress\/ -->\n<title>Aktuelle Meditationen und Vortr\u00e4ge - Sahaja Yoga Krems<\/title>\n<meta name=\"description\" content=\"Aktuelle Meditationen, Aktuelle Termine f\u00fcr Krems, Langenlois und Umgebung, Links zu \u00d6sterreich und Welt\" \/>\n<meta name=\"robots\" content=\"index, follow, max-snippet:-1, max-image-preview:large, max-video-preview:-1\" \/>\n<link rel=\"canonical\" href=\"https:\/\/yoga-der-mitte.info\/blogn\/aktuelle-meditationen-und-vortraege\/\" \/>\n<meta property=\"og:locale\" content=\"de_DE\" \/>\n<meta property=\"og:type\" content=\"article\" \/>\n<meta property=\"og:title\" content=\"Aktuelle Meditationen und Vortr\u00e4ge - Sahaja Yoga Krems\" \/>\n<meta property=\"og:description\" content=\"Aktuelle Meditationen, Aktuelle Termine f\u00fcr Krems, Langenlois und Umgebung, Links zu \u00d6sterreich und Welt\" \/>\n<meta property=\"og:url\" content=\"https:\/\/yoga-der-mitte.info\/blogn\/aktuelle-meditationen-und-vortraege\/\" \/>\n<meta property=\"og:site_name\" content=\"Sahaja Yoga Krems\" \/>\n<meta property=\"article:publisher\" content=\"https:\/\/www.facebook.com\/Sahaja-Yoga-Meditation-Krems-1265852353480686\/\" \/>\n<meta property=\"article:modified_time\" content=\"2025-02-04T09:50:50+00:00\" \/>\n<meta name=\"twitter:card\" content=\"summary_large_image\" \/>\n<meta name=\"twitter:label1\" content=\"Gesch\u00e4tzte Lesezeit\" \/>\n\t<meta name=\"twitter:data1\" content=\"1\u00a0Minute\" \/>\n<script type=\"application\/ld+json\" class=\"yoast-schema-graph\">{\"@context\":\"https:\\\/\\\/schema.org\",\"@graph\":[{\"@type\":\"WebPage\",\"@id\":\"https:\\\/\\\/yoga-der-mitte.info\\\/blogn\\\/aktuelle-meditationen-und-vortraege\\\/\",\"url\":\"https:\\\/\\\/yoga-der-mitte.info\\\/blogn\\\/aktuelle-meditationen-und-vortraege\\\/\",\"name\":\"Aktuelle Meditationen und Vortr\u00e4ge - Sahaja Yoga Krems\",\"isPartOf\":{\"@id\":\"https:\\\/\\\/yoga-der-mitte.info\\\/blogn\\\/#website\"},\"datePublished\":\"2017-11-28T08:20:39+00:00\",\"dateModified\":\"2025-02-04T09:50:50+00:00\",\"description\":\"Aktuelle Meditationen, Aktuelle Termine f\u00fcr Krems, Langenlois und Umgebung, Links zu \u00d6sterreich und Welt\",\"breadcrumb\":{\"@id\":\"https:\\\/\\\/yoga-der-mitte.info\\\/blogn\\\/aktuelle-meditationen-und-vortraege\\\/#breadcrumb\"},\"inLanguage\":\"de\",\"potentialAction\":[{\"@type\":\"ReadAction\",\"target\":[\"https:\\\/\\\/yoga-der-mitte.info\\\/blogn\\\/aktuelle-meditationen-und-vortraege\\\/\"]}]},{\"@type\":\"BreadcrumbList\",\"@id\":\"https:\\\/\\\/yoga-der-mitte.info\\\/blogn\\\/aktuelle-meditationen-und-vortraege\\\/#breadcrumb\",\"itemListElement\":[{\"@type\":\"ListItem\",\"position\":1,\"name\":\"Startseite\",\"item\":\"https:\\\/\\\/yoga-der-mitte.info\\\/blogn\\\/\"},{\"@type\":\"ListItem\",\"position\":2,\"name\":\"Aktuelle Meditationen und Vortr\u00e4ge\"}]},{\"@type\":\"WebSite\",\"@id\":\"https:\\\/\\\/yoga-der-mitte.info\\\/blogn\\\/#website\",\"url\":\"https:\\\/\\\/yoga-der-mitte.info\\\/blogn\\\/\",\"name\":\"Sahaja Yoga Krems\",\"description\":\"- Yoga der Mitte\",\"publisher\":{\"@id\":\"https:\\\/\\\/yoga-der-mitte.info\\\/blogn\\\/#organization\"},\"potentialAction\":[{\"@type\":\"SearchAction\",\"target\":{\"@type\":\"EntryPoint\",\"urlTemplate\":\"https:\\\/\\\/yoga-der-mitte.info\\\/blogn\\\/?s={search_term_string}\"},\"query-input\":{\"@type\":\"PropertyValueSpecification\",\"valueRequired\":true,\"valueName\":\"search_term_string\"}}],\"inLanguage\":\"de\"},{\"@type\":\"Organization\",\"@id\":\"https:\\\/\\\/yoga-der-mitte.info\\\/blogn\\\/#organization\",\"name\":\"Sahaja Yoga\",\"url\":\"https:\\\/\\\/yoga-der-mitte.info\\\/blogn\\\/\",\"logo\":{\"@type\":\"ImageObject\",\"inLanguage\":\"de\",\"@id\":\"https:\\\/\\\/yoga-der-mitte.info\\\/blogn\\\/#\\\/schema\\\/logo\\\/image\\\/\",\"url\":\"https:\\\/\\\/yoga-der-mitte.info\\\/blogn\\\/wp-content\\\/uploads\\\/2017\\\/11\\\/Chakratafel.jpg\",\"contentUrl\":\"https:\\\/\\\/yoga-der-mitte.info\\\/blogn\\\/wp-content\\\/uploads\\\/2017\\\/11\\\/Chakratafel.jpg\",\"width\":510,\"height\":652,\"caption\":\"Sahaja Yoga\"},\"image\":{\"@id\":\"https:\\\/\\\/yoga-der-mitte.info\\\/blogn\\\/#\\\/schema\\\/logo\\\/image\\\/\"},\"sameAs\":[\"https:\\\/\\\/www.facebook.com\\\/Sahaja-Yoga-Meditation-Krems-1265852353480686\\\/\"]}]}<\/script>\n<!-- \/ Yoast SEO plugin. -->","yoast_head_json":{"title":"Aktuelle Meditationen und Vortr\u00e4ge - Sahaja Yoga Krems","description":"Aktuelle Meditationen, Aktuelle Termine f\u00fcr Krems, Langenlois und Umgebung, Links zu \u00d6sterreich und Welt","robots":{"index":"index","follow":"follow","max-snippet":"max-snippet:-1","max-image-preview":"max-image-preview:large","max-video-preview":"max-video-preview:-1"},"canonical":"https:\/\/yoga-der-mitte.info\/blogn\/aktuelle-meditationen-und-vortraege\/","og_locale":"de_DE","og_type":"article","og_title":"Aktuelle Meditationen und Vortr\u00e4ge - Sahaja Yoga Krems","og_description":"Aktuelle Meditationen, Aktuelle Termine f\u00fcr Krems, Langenlois und Umgebung, Links zu \u00d6sterreich und Welt","og_url":"https:\/\/yoga-der-mitte.info\/blogn\/aktuelle-meditationen-und-vortraege\/","og_site_name":"Sahaja Yoga Krems","article_publisher":"https:\/\/www.facebook.com\/Sahaja-Yoga-Meditation-Krems-1265852353480686\/","article_modified_time":"2025-02-04T09:50:50+00:00","twitter_card":"summary_large_image","twitter_misc":{"Gesch\u00e4tzte Lesezeit":"1\u00a0Minute"},"schema":{"@context":"https:\/\/schema.org","@graph":[{"@type":"WebPage","@id":"https:\/\/yoga-der-mitte.info\/blogn\/aktuelle-meditationen-und-vortraege\/","url":"https:\/\/yoga-der-mitte.info\/blogn\/aktuelle-meditationen-und-vortraege\/","name":"Aktuelle Meditationen und Vortr\u00e4ge - Sahaja Yoga Krems","isPartOf":{"@id":"https:\/\/yoga-der-mitte.info\/blogn\/#website"},"datePublished":"2017-11-28T08:20:39+00:00","dateModified":"2025-02-04T09:50:50+00:00","description":"Aktuelle Meditationen, Aktuelle Termine f\u00fcr Krems, Langenlois und Umgebung, Links zu \u00d6sterreich und Welt","breadcrumb":{"@id":"https:\/\/yoga-der-mitte.info\/blogn\/aktuelle-meditationen-und-vortraege\/#breadcrumb"},"inLanguage":"de","potentialAction":[{"@type":"ReadAction","target":["https:\/\/yoga-der-mitte.info\/blogn\/aktuelle-meditationen-und-vortraege\/"]}]},{"@type":"BreadcrumbList","@id":"https:\/\/yoga-der-mitte.info\/blogn\/aktuelle-meditationen-und-vortraege\/#breadcrumb","itemListElement":[{"@type":"ListItem","position":1,"name":"Startseite","item":"https:\/\/yoga-der-mitte.info\/blogn\/"},{"@type":"ListItem","position":2,"name":"Aktuelle Meditationen und Vortr\u00e4ge"}]},{"@type":"WebSite","@id":"https:\/\/yoga-der-mitte.info\/blogn\/#website","url":"https:\/\/yoga-der-mitte.info\/blogn\/","name":"Sahaja Yoga Krems","description":"- Yoga der Mitte","publisher":{"@id":"https:\/\/yoga-der-mitte.info\/blogn\/#organization"},"potentialAction":[{"@type":"SearchAction","target":{"@type":"EntryPoint","urlTemplate":"https:\/\/yoga-der-mitte.info\/blogn\/?s={search_term_string}"},"query-input":{"@type":"PropertyValueSpecification","valueRequired":true,"valueName":"search_term_string"}}],"inLanguage":"de"},{"@type":"Organization","@id":"https:\/\/yoga-der-mitte.info\/blogn\/#organization","name":"Sahaja Yoga","url":"https:\/\/yoga-der-mitte.info\/blogn\/","logo":{"@type":"ImageObject","inLanguage":"de","@id":"https:\/\/yoga-der-mitte.info\/blogn\/#\/schema\/logo\/image\/","url":"https:\/\/yoga-der-mitte.info\/blogn\/wp-content\/uploads\/2017\/11\/Chakratafel.jpg","contentUrl":"https:\/\/yoga-der-mitte.info\/blogn\/wp-content\/uploads\/2017\/11\/Chakratafel.jpg","width":510,"height":652,"caption":"Sahaja Yoga"},"image":{"@id":"https:\/\/yoga-der-mitte.info\/blogn\/#\/schema\/logo\/image\/"},"sameAs":["https:\/\/www.facebook.com\/Sahaja-Yoga-Meditation-Krems-1265852353480686\/"]}]}},"_links":{"self":[{"href":"https:\/\/yoga-der-mitte.info\/blogn\/wp-json\/wp\/v2\/pages\/150","targetHints":{"allow":["GET"]}}],"collection":[{"href":"https:\/\/yoga-der-mitte.info\/blogn\/wp-json\/wp\/v2\/pages"}],"about":[{"href":"https:\/\/yoga-der-mitte.info\/blogn\/wp-json\/wp\/v2\/types\/page"}],"author":[{"embeddable":true,"href":"https:\/\/yoga-der-mitte.info\/blogn\/wp-json\/wp\/v2\/users\/3"}],"replies":[{"embeddable":true,"href":"https:\/\/yoga-der-mitte.info\/blogn\/wp-json\/wp\/v2\/comments?post=150"}],"version-history":[{"count":194,"href":"https:\/\/yoga-der-mitte.info\/blogn\/wp-json\/wp\/v2\/pages\/150\/revisions"}],"predecessor-version":[{"id":1087,"href":"https:\/\/yoga-der-mitte.info\/blogn\/wp-json\/wp\/v2\/pages\/150\/revisions\/1087"}],"wp:attachment":[{"href":"https:\/\/yoga-der-mitte.info\/blogn\/wp-json\/wp\/v2\/media?parent=150"}],"curies":[{"name":"wp","href":"https:\/\/api.w.org\/{rel}","templated":true}]}}