{"id":61,"date":"2017-11-19T07:37:50","date_gmt":"2017-11-19T06:37:50","guid":{"rendered":"http:\/\/yoga-der-mitte.info\/blogn\/?page_id=61"},"modified":"2018-11-08T06:13:23","modified_gmt":"2018-11-08T05:13:23","slug":"shri-mataji-nirmala-devi","status":"publish","type":"page","link":"https:\/\/yoga-der-mitte.info\/blogn\/shri-mataji-nirmala-devi\/","title":{"rendered":"Shri Mataji Nirmala Devi"},"content":{"rendered":"<h3><strong>Kindheit und Jugend in Indien<\/strong><img loading=\"lazy\" decoding=\"async\" class=\"alignleft wp-image-132 size-full\" src=\"http:\/\/yoga-der-mitte.info\/blogn\/wp-content\/uploads\/2017\/11\/shri_mataji_young_300.jpg\" alt=\"Shri Mataji Nirmala Devi in den 30iger jahren\" width=\"300\" height=\"450\" srcset=\"https:\/\/yoga-der-mitte.info\/blogn\/wp-content\/uploads\/2017\/11\/shri_mataji_young_300.jpg 300w, https:\/\/yoga-der-mitte.info\/blogn\/wp-content\/uploads\/2017\/11\/shri_mataji_young_300-200x300.jpg 200w, https:\/\/yoga-der-mitte.info\/blogn\/wp-content\/uploads\/2017\/11\/shri_mataji_young_300-100x150.jpg 100w\" sizes=\"auto, (max-width: 300px) 100vw, 300px\" \/><\/h3>\n<p>Shri Mataji wurde am 21. M\u00e4rz 1923, dem Fr\u00fchlingsanfang, in Chindwara, im Herzen Indiens, in eine christliche Familie geboren. Ihre Eltern nannten das makellose Baby Nirmala, was \u201erein\u201c bedeutet. Shri Mataji stammt in direkter Linie von einer ber\u00fchmten indischen K\u00f6nigsdynastie, den Shalivahanas, ab, die den westlichen\u00a0Landesteil, Maharastra, von 230 v. Chr. bis 230 n. Chr. regierte.<\/p>\n<p>Ihr Vater, Raul Prasad Salve, war zum Zeitpunkt ihrer Geburt bereits ein angesehener Anwalt, Buchautor und Freiheitsk\u00e4mpfer. Er war ein \u00fcberaus gebildeter und talentierter, dennoch bescheidener Mann und beherrschte 14 Sprachen. Er \u00fcbersetzte erstmals den Koran in Hindi und setzte sich nicht nur vehement f\u00fcr\u00a0die Befreiung Indiens von der britischen Kolonialherrschaft ein, sondern genauso f\u00fcr Toleranz zwischen den Religionen und die Abschaffung des Kastensystems in seinem Heimatland. Mahatma Gandhi machte ihn w\u00e4hrend des indischen Freiheitskampfes zu einem engen Mitstreiter. Sp\u00e4ter sollte Raul P. Salve\u00a0Abgeordneter des Nationalparlaments werden.\u00a0Shri Matajis Mutter, Cornelia Jadav-Salve, war ebenfalls eine akademisch hochgebildete Frau. Sie lehrte Mathematik am Ferguson-College und wurde f\u00fcr ihre Forschung im Bereich der algebraischen Reduktion bekannt.<\/p>\n<p>Dennoch gab sie stets der Familie und dem Haushalt Priorit\u00e4t und k\u00fcmmerte sich vorbildlich um die\u00a0Erziehung ihrer 11 Kinder. Beide Eltern wurden w\u00e4hrend der Jahre des Freiheitskampfes oft mit teils erheblichen Repressionen der britischen Besatzungsmacht konfrontiert und wiederholt ins Gef\u00e4ngnis gesperrt. W\u00e4hrend dieser Jahre verbrachte Shri Mataji regelm\u00e4\u00dfig ihre Schulferien in Mahatma Gandhis Ashram. Gandhi sch\u00e4tzte ihre Gegenwart sehr\u00a0und vertraute auf ihre Weisheit und ihr Urteilsverm\u00f6gen. Schon fr\u00fch suchte er Rat bei Shri Mataji, die sich ihrerseits mehr und mehr am Kampf um die Unabh\u00e4ngigkeit ihres Heimatlandes beteiligte und schlie\u00dflich eine der Anf\u00fchrerinnen der Jugend im gewaltlosen Kampf gegen die Briten wurde.<\/p>\n<h3><strong>Studium und Familienleben<\/strong><img loading=\"lazy\" decoding=\"async\" class=\"alignleft wp-image-133 size-full\" src=\"http:\/\/yoga-der-mitte.info\/blogn\/wp-content\/uploads\/2017\/11\/shri_mataji_60ties_300.jpg\" alt=\"shri_mataji_60ties_300\" width=\"300\" height=\"461\" srcset=\"https:\/\/yoga-der-mitte.info\/blogn\/wp-content\/uploads\/2017\/11\/shri_mataji_60ties_300.jpg 300w, https:\/\/yoga-der-mitte.info\/blogn\/wp-content\/uploads\/2017\/11\/shri_mataji_60ties_300-195x300.jpg 195w, https:\/\/yoga-der-mitte.info\/blogn\/wp-content\/uploads\/2017\/11\/shri_mataji_60ties_300-98x150.jpg 98w\" sizes=\"auto, (max-width: 300px) 100vw, 300px\" \/><\/h3>\n<p>Shri Mataji entschloss sich, Medizin zu studieren, um die Anatomie des menschlichen K\u00f6rpers und die komplexen Zusammenh\u00e4nge darin detailliert kennenzulernen.<br \/>\nDies sollte ihre von fr\u00fchester Kindheit an allseits bemerkte und gesch\u00e4tzte Weisheit um die psychisch-emotionale und vor allem spirituelle Konstitution des Menschen erg\u00e4nzen. W\u00e4hrend ihres Medizinstudiums war sie mehr denn je im Unabh\u00e4ngigkeitskampf engagiert, was ihr erhebliche Benachteiligungen und mehrere\u00a0Gef\u00e4ngnisaufenthalte bescherte.<\/p>\n<p>Nach Indiens Unabh\u00e4ngigkeit heiratete Shri Mataji Mr. C.P. Srivastava, ein angesehener und talentierter Jungdiplomat, der schnell Karriere machte und pers\u00f6nlicher Sekret\u00e4r des indischen Premierministers Lal Bahadur Shastri wurde. Shri Mataji zog sich w\u00e4hrend dieser Jahre ganz auf das\u00a0Familienleben zur\u00fcck und k\u00fcmmerte sich mit aller Kraft um ihren Mann, ihre beiden T\u00f6chter und um gesellschaftliche Aufgaben. Man liebte es, bei den Srivastavas zu sein, und viele suchten Rat und Trost bei Shri Mataji \u2013 insbesondere Shastri selbst.<\/p>\n<h3><strong>Eine einzigartige Entdeckung, die \u00d6ffnung des Sahrasrara Chakras<\/strong><\/h3>\n<p>Ende der sechziger Jahre sollte ein neuer Abschnitt in Shri Matajis Leben anbrechen: ihre beiden T\u00f6chter waren erwachsen und heirateten ihrerseits. Shri Mataji begann nun, sich intensiv um spirituelles Wissen zu k\u00fcmmern. Sie hatte schon seit ihrer Kindheit gesp\u00fcrt, dass ihre Lebensaufgabe die spirituelle Erweckung\u00a0vieler Menschen sein sollte.\u00a0So suchte sie nach einer Methode, Selbst-Verwirklichung en masse, also f\u00fcr eine gr\u00f6\u00dftm\u00f6gliche Anzahl von Menschen, zu erm\u00f6glichen.<\/p>\n<p>Am 5. Mai 1970 war es soweit:\u00a0Shri Mataji hatte sich nach Bordi am indischen Ozean zur\u00fcckgezogen und die ganze Nacht in stiller Versenkung und Meditation verharrt. Mit dem Tagesanbruch gelang es ihr, das Sahasrara Chakra, das Zentrum der spirituellen Integration und des Yoga, auf kollektiver Ebene zu \u00f6ffnen. Damit begann ihr Wirken als\u00a0spirituelle Mutter, als vielleicht bedeutendste spirituelle Pers\u00f6nlichkeit der Gegenwart.\u00a0Sie begann zun\u00e4chst, Selbst-Verwirklichung durch den spontanen Aufstieg der von alters her bekannten Kundalini-Energie in ihrem n\u00e4heren Umkreis zu geben.<\/p>\n<p>Sehr bald aber wurde ihr Ehemann zum Unter-Generalsekret\u00e4r der Vereinten Nationen und Generalsekret\u00e4r der UN-Organisation f\u00fcr maritime\u00a0Angelegenheiten nach London berufen.\u00a0Shri Mataji kam als Ehefrau eines Spitzendiplomaten \u00fcber viele Jahre mit unz\u00e4hligen Menschen aus aller Welt zusammen und erfuhr h\u00f6chste Wertsch\u00e4tzung. Sie begann, Sahaja Yoga zun\u00e4chst in London, dann in ganz Europa und schlie\u00dflich in aller Welt zu verbreiten, stets ohne Geld daf\u00fcr zu nehmen.<\/p>\n<h3><strong>Selbst-Verwirklichung en masse durch Sahaja Yoga<\/strong><\/h3>\n<p><img loading=\"lazy\" decoding=\"async\" class=\"alignnone wp-image-134\" src=\"http:\/\/yoga-der-mitte.info\/blogn\/wp-content\/uploads\/2017\/11\/program_india_1200-300x198.jpg\" alt=\"\u00d6ffentliche Veranstaltung mit Shri Mataji Nirmala Devi in Indien\" width=\"400\" height=\"264\" srcset=\"https:\/\/yoga-der-mitte.info\/blogn\/wp-content\/uploads\/2017\/11\/program_india_1200-300x198.jpg 300w, https:\/\/yoga-der-mitte.info\/blogn\/wp-content\/uploads\/2017\/11\/program_india_1200-768x507.jpg 768w, https:\/\/yoga-der-mitte.info\/blogn\/wp-content\/uploads\/2017\/11\/program_india_1200-227x150.jpg 227w, https:\/\/yoga-der-mitte.info\/blogn\/wp-content\/uploads\/2017\/11\/program_india_1200-150x99.jpg 150w, https:\/\/yoga-der-mitte.info\/blogn\/wp-content\/uploads\/2017\/11\/program_india_1200.jpg 800w\" sizes=\"auto, (max-width: 400px) 100vw, 400px\" \/><br \/>\nIn vielen\u00a0\u00f6ffentlichen Programmen\u00a0sprach sie \u00fcber die Kundalini, das subtile System der Chakras und Kan\u00e4le, \u00fcber Medizin, Wissenschaft und Gesellschaft, und nat\u00fcrlich \u00fcber die einzigartige Entdeckung und Erfahrung der Selbst-Verwirklichung. Sie erweckte die Kundalini in unz\u00e4hligen Menschen in aller Welt und\u00a0verbreitete Sahaja Yoga in Windeseile, ohne bedeutende finanzielle Mittel und ohne jeglichen organisatorischen \u00dcberbau.\u00a0Shri Mataji hat bis ins hohe Alter, die ganze Welt bereist, um in Vortr\u00e4gen und Meditationsabenden Sahaja Yoga den Menschen nahezubringen.<\/p>\n<p><img loading=\"lazy\" decoding=\"async\" class=\"wp-image-135 size-full alignnone\" src=\"http:\/\/yoga-der-mitte.info\/blogn\/wp-content\/uploads\/2017\/11\/shri_mataji_pro_700.jpg\" alt=\"Shri Mataji Public Program\" width=\"702\" height=\"583\" srcset=\"https:\/\/yoga-der-mitte.info\/blogn\/wp-content\/uploads\/2017\/11\/shri_mataji_pro_700.jpg 702w, https:\/\/yoga-der-mitte.info\/blogn\/wp-content\/uploads\/2017\/11\/shri_mataji_pro_700-300x249.jpg 300w, https:\/\/yoga-der-mitte.info\/blogn\/wp-content\/uploads\/2017\/11\/shri_mataji_pro_700-181x150.jpg 181w, https:\/\/yoga-der-mitte.info\/blogn\/wp-content\/uploads\/2017\/11\/shri_mataji_pro_700-150x125.jpg 150w\" sizes=\"auto, (max-width: 702px) 100vw, 702px\" \/><\/p>\n<p>Au\u00dferdem engagiert sie sich in mannigfaltiger Weise gesellschaftlich und hat sich nicht zuletzt in ihrer Heimat Indien hochverdient gemacht. Sie gr\u00fcndete Schulen und eine Klinik, setzte sich f\u00fcr die Rechte der Frauen weltweit ein und wurde mehrfach f\u00fcr den Friedensnobelpreis nominiert. Ihr Mann, Sir C.P.\u00a0Srivastava, wurde vor wenigen Jahren als erster Inder in der Geschichte von der K\u00f6nigin von England zum Ritter geschlagen.<\/p>\n<p>Wer Shri Mataji Nirmala Devi pers\u00f6nlich erlebt hat, wei\u00df, mit welch schier unendlichen Liebe und Weisheit, mit welcher Kraft sie f\u00fcr alle Menschen, die sich dies w\u00fcnschen, da ist und f\u00fcr sie sorgt. Viele sehen sie geradezu als Archetyp der Mutter an sich an und vertrauen sich ihr an. Ihre Weisheit, ihr Wissen um\u00a0Spiritualit\u00e4t und pers\u00f6nliches Wachstum sind ein Schatz von unermessbarem Wert. Jeder Mensch in aller Welt ist aufgerufen, ihrem Ruf zu folgen.<\/p>\n<p><img loading=\"lazy\" decoding=\"async\" class=\"alignnone wp-image-136 size-full\" src=\"http:\/\/yoga-der-mitte.info\/blogn\/wp-content\/uploads\/2017\/11\/shri_mataji_flowers_700.jpg\" alt=\"Shri Mataji mit Blumen\" width=\"700\" height=\"467\" srcset=\"https:\/\/yoga-der-mitte.info\/blogn\/wp-content\/uploads\/2017\/11\/shri_mataji_flowers_700.jpg 700w, https:\/\/yoga-der-mitte.info\/blogn\/wp-content\/uploads\/2017\/11\/shri_mataji_flowers_700-300x200.jpg 300w, https:\/\/yoga-der-mitte.info\/blogn\/wp-content\/uploads\/2017\/11\/shri_mataji_flowers_700-225x150.jpg 225w, https:\/\/yoga-der-mitte.info\/blogn\/wp-content\/uploads\/2017\/11\/shri_mataji_flowers_700-150x100.jpg 150w\" sizes=\"auto, (max-width: 700px) 100vw, 700px\" \/><\/p>\n","protected":false},"excerpt":{"rendered":"<p>Kindheit und Jugend in Indien Shri Mataji wurde am 21. M\u00e4rz 1923, dem Fr\u00fchlingsanfang, in Chindwara, im Herzen Indiens, in eine christliche Familie geboren. Ihre Eltern nannten das makellose Baby Nirmala, was \u201erein\u201c bedeutet. Shri Mataji stammt in direkter Linie von einer ber\u00fchmten indischen K\u00f6nigsdynastie, den Shalivahanas, ab, die den \u2026 <a class=\"continue-reading-link\" href=\"https:\/\/yoga-der-mitte.info\/blogn\/shri-mataji-nirmala-devi\/\">Weiterlesen <span class=\"meta-nav\">&rarr; <\/span><\/a><\/p>\n","protected":false},"author":3,"featured_media":0,"parent":0,"menu_order":0,"comment_status":"closed","ping_status":"closed","template":"","meta":{"footnotes":""},"class_list":["post-61","page","type-page","status-publish","hentry"],"yoast_head":"<!-- This site is optimized with the Yoast SEO plugin v27.4 - https:\/\/yoast.com\/product\/yoast-seo-wordpress\/ -->\n<title>Shri Mataji Nirmala Devi - Sahaja Yoga Krems Selbstverwirklichung<\/title>\n<meta name=\"description\" content=\"Shri Mataji Nirmala Devi, Shrivastava, Selbstverwirklichung, en masse, universelle Liebe\" \/>\n<meta name=\"robots\" content=\"index, follow, max-snippet:-1, max-image-preview:large, max-video-preview:-1\" \/>\n<link rel=\"canonical\" href=\"https:\/\/yoga-der-mitte.info\/blogn\/shri-mataji-nirmala-devi\/\" \/>\n<meta property=\"og:locale\" content=\"de_DE\" \/>\n<meta property=\"og:type\" content=\"article\" \/>\n<meta property=\"og:title\" content=\"Shri Mataji Nirmala Devi - Sahaja Yoga Krems Selbstverwirklichung\" \/>\n<meta property=\"og:description\" content=\"Shri Mataji Nirmala Devi, Shrivastava, Selbstverwirklichung, en masse, universelle Liebe\" \/>\n<meta property=\"og:url\" content=\"https:\/\/yoga-der-mitte.info\/blogn\/shri-mataji-nirmala-devi\/\" \/>\n<meta property=\"og:site_name\" content=\"Sahaja Yoga Krems\" \/>\n<meta property=\"article:publisher\" content=\"https:\/\/www.facebook.com\/Sahaja-Yoga-Meditation-Krems-1265852353480686\/\" \/>\n<meta property=\"article:modified_time\" content=\"2018-11-08T05:13:23+00:00\" \/>\n<meta property=\"og:image\" content=\"http:\/\/yoga-der-mitte.info\/blogn\/wp-content\/uploads\/2017\/11\/shri_mataji_young_300.jpg\" \/>\n<meta name=\"twitter:card\" content=\"summary_large_image\" \/>\n<meta name=\"twitter:label1\" content=\"Gesch\u00e4tzte Lesezeit\" \/>\n\t<meta name=\"twitter:data1\" content=\"5\u00a0Minuten\" \/>\n<script type=\"application\/ld+json\" class=\"yoast-schema-graph\">{\"@context\":\"https:\\\/\\\/schema.org\",\"@graph\":[{\"@type\":\"WebPage\",\"@id\":\"https:\\\/\\\/yoga-der-mitte.info\\\/blogn\\\/shri-mataji-nirmala-devi\\\/\",\"url\":\"https:\\\/\\\/yoga-der-mitte.info\\\/blogn\\\/shri-mataji-nirmala-devi\\\/\",\"name\":\"Shri Mataji Nirmala Devi - Sahaja Yoga Krems Selbstverwirklichung\",\"isPartOf\":{\"@id\":\"https:\\\/\\\/yoga-der-mitte.info\\\/blogn\\\/#website\"},\"primaryImageOfPage\":{\"@id\":\"https:\\\/\\\/yoga-der-mitte.info\\\/blogn\\\/shri-mataji-nirmala-devi\\\/#primaryimage\"},\"image\":{\"@id\":\"https:\\\/\\\/yoga-der-mitte.info\\\/blogn\\\/shri-mataji-nirmala-devi\\\/#primaryimage\"},\"thumbnailUrl\":\"http:\\\/\\\/yoga-der-mitte.info\\\/blogn\\\/wp-content\\\/uploads\\\/2017\\\/11\\\/shri_mataji_young_300.jpg\",\"datePublished\":\"2017-11-19T06:37:50+00:00\",\"dateModified\":\"2018-11-08T05:13:23+00:00\",\"description\":\"Shri Mataji Nirmala Devi, Shrivastava, Selbstverwirklichung, en masse, universelle Liebe\",\"breadcrumb\":{\"@id\":\"https:\\\/\\\/yoga-der-mitte.info\\\/blogn\\\/shri-mataji-nirmala-devi\\\/#breadcrumb\"},\"inLanguage\":\"de\",\"potentialAction\":[{\"@type\":\"ReadAction\",\"target\":[\"https:\\\/\\\/yoga-der-mitte.info\\\/blogn\\\/shri-mataji-nirmala-devi\\\/\"]}]},{\"@type\":\"ImageObject\",\"inLanguage\":\"de\",\"@id\":\"https:\\\/\\\/yoga-der-mitte.info\\\/blogn\\\/shri-mataji-nirmala-devi\\\/#primaryimage\",\"url\":\"http:\\\/\\\/yoga-der-mitte.info\\\/blogn\\\/wp-content\\\/uploads\\\/2017\\\/11\\\/shri_mataji_young_300.jpg\",\"contentUrl\":\"http:\\\/\\\/yoga-der-mitte.info\\\/blogn\\\/wp-content\\\/uploads\\\/2017\\\/11\\\/shri_mataji_young_300.jpg\"},{\"@type\":\"BreadcrumbList\",\"@id\":\"https:\\\/\\\/yoga-der-mitte.info\\\/blogn\\\/shri-mataji-nirmala-devi\\\/#breadcrumb\",\"itemListElement\":[{\"@type\":\"ListItem\",\"position\":1,\"name\":\"Startseite\",\"item\":\"https:\\\/\\\/yoga-der-mitte.info\\\/blogn\\\/\"},{\"@type\":\"ListItem\",\"position\":2,\"name\":\"Shri Mataji Nirmala Devi\"}]},{\"@type\":\"WebSite\",\"@id\":\"https:\\\/\\\/yoga-der-mitte.info\\\/blogn\\\/#website\",\"url\":\"https:\\\/\\\/yoga-der-mitte.info\\\/blogn\\\/\",\"name\":\"Sahaja Yoga Krems\",\"description\":\"- Yoga der Mitte\",\"publisher\":{\"@id\":\"https:\\\/\\\/yoga-der-mitte.info\\\/blogn\\\/#organization\"},\"potentialAction\":[{\"@type\":\"SearchAction\",\"target\":{\"@type\":\"EntryPoint\",\"urlTemplate\":\"https:\\\/\\\/yoga-der-mitte.info\\\/blogn\\\/?s={search_term_string}\"},\"query-input\":{\"@type\":\"PropertyValueSpecification\",\"valueRequired\":true,\"valueName\":\"search_term_string\"}}],\"inLanguage\":\"de\"},{\"@type\":\"Organization\",\"@id\":\"https:\\\/\\\/yoga-der-mitte.info\\\/blogn\\\/#organization\",\"name\":\"Sahaja Yoga\",\"url\":\"https:\\\/\\\/yoga-der-mitte.info\\\/blogn\\\/\",\"logo\":{\"@type\":\"ImageObject\",\"inLanguage\":\"de\",\"@id\":\"https:\\\/\\\/yoga-der-mitte.info\\\/blogn\\\/#\\\/schema\\\/logo\\\/image\\\/\",\"url\":\"https:\\\/\\\/yoga-der-mitte.info\\\/blogn\\\/wp-content\\\/uploads\\\/2017\\\/11\\\/Chakratafel.jpg\",\"contentUrl\":\"https:\\\/\\\/yoga-der-mitte.info\\\/blogn\\\/wp-content\\\/uploads\\\/2017\\\/11\\\/Chakratafel.jpg\",\"width\":510,\"height\":652,\"caption\":\"Sahaja Yoga\"},\"image\":{\"@id\":\"https:\\\/\\\/yoga-der-mitte.info\\\/blogn\\\/#\\\/schema\\\/logo\\\/image\\\/\"},\"sameAs\":[\"https:\\\/\\\/www.facebook.com\\\/Sahaja-Yoga-Meditation-Krems-1265852353480686\\\/\"]}]}<\/script>\n<!-- \/ Yoast SEO plugin. -->","yoast_head_json":{"title":"Shri Mataji Nirmala Devi - Sahaja Yoga Krems Selbstverwirklichung","description":"Shri Mataji Nirmala Devi, Shrivastava, Selbstverwirklichung, en masse, universelle Liebe","robots":{"index":"index","follow":"follow","max-snippet":"max-snippet:-1","max-image-preview":"max-image-preview:large","max-video-preview":"max-video-preview:-1"},"canonical":"https:\/\/yoga-der-mitte.info\/blogn\/shri-mataji-nirmala-devi\/","og_locale":"de_DE","og_type":"article","og_title":"Shri Mataji Nirmala Devi - Sahaja Yoga Krems Selbstverwirklichung","og_description":"Shri Mataji Nirmala Devi, Shrivastava, Selbstverwirklichung, en masse, universelle Liebe","og_url":"https:\/\/yoga-der-mitte.info\/blogn\/shri-mataji-nirmala-devi\/","og_site_name":"Sahaja Yoga Krems","article_publisher":"https:\/\/www.facebook.com\/Sahaja-Yoga-Meditation-Krems-1265852353480686\/","article_modified_time":"2018-11-08T05:13:23+00:00","og_image":[{"url":"http:\/\/yoga-der-mitte.info\/blogn\/wp-content\/uploads\/2017\/11\/shri_mataji_young_300.jpg","type":"","width":"","height":""}],"twitter_card":"summary_large_image","twitter_misc":{"Gesch\u00e4tzte Lesezeit":"5\u00a0Minuten"},"schema":{"@context":"https:\/\/schema.org","@graph":[{"@type":"WebPage","@id":"https:\/\/yoga-der-mitte.info\/blogn\/shri-mataji-nirmala-devi\/","url":"https:\/\/yoga-der-mitte.info\/blogn\/shri-mataji-nirmala-devi\/","name":"Shri Mataji Nirmala Devi - Sahaja Yoga Krems Selbstverwirklichung","isPartOf":{"@id":"https:\/\/yoga-der-mitte.info\/blogn\/#website"},"primaryImageOfPage":{"@id":"https:\/\/yoga-der-mitte.info\/blogn\/shri-mataji-nirmala-devi\/#primaryimage"},"image":{"@id":"https:\/\/yoga-der-mitte.info\/blogn\/shri-mataji-nirmala-devi\/#primaryimage"},"thumbnailUrl":"http:\/\/yoga-der-mitte.info\/blogn\/wp-content\/uploads\/2017\/11\/shri_mataji_young_300.jpg","datePublished":"2017-11-19T06:37:50+00:00","dateModified":"2018-11-08T05:13:23+00:00","description":"Shri Mataji Nirmala Devi, Shrivastava, Selbstverwirklichung, en masse, universelle Liebe","breadcrumb":{"@id":"https:\/\/yoga-der-mitte.info\/blogn\/shri-mataji-nirmala-devi\/#breadcrumb"},"inLanguage":"de","potentialAction":[{"@type":"ReadAction","target":["https:\/\/yoga-der-mitte.info\/blogn\/shri-mataji-nirmala-devi\/"]}]},{"@type":"ImageObject","inLanguage":"de","@id":"https:\/\/yoga-der-mitte.info\/blogn\/shri-mataji-nirmala-devi\/#primaryimage","url":"http:\/\/yoga-der-mitte.info\/blogn\/wp-content\/uploads\/2017\/11\/shri_mataji_young_300.jpg","contentUrl":"http:\/\/yoga-der-mitte.info\/blogn\/wp-content\/uploads\/2017\/11\/shri_mataji_young_300.jpg"},{"@type":"BreadcrumbList","@id":"https:\/\/yoga-der-mitte.info\/blogn\/shri-mataji-nirmala-devi\/#breadcrumb","itemListElement":[{"@type":"ListItem","position":1,"name":"Startseite","item":"https:\/\/yoga-der-mitte.info\/blogn\/"},{"@type":"ListItem","position":2,"name":"Shri Mataji Nirmala Devi"}]},{"@type":"WebSite","@id":"https:\/\/yoga-der-mitte.info\/blogn\/#website","url":"https:\/\/yoga-der-mitte.info\/blogn\/","name":"Sahaja Yoga Krems","description":"- Yoga der Mitte","publisher":{"@id":"https:\/\/yoga-der-mitte.info\/blogn\/#organization"},"potentialAction":[{"@type":"SearchAction","target":{"@type":"EntryPoint","urlTemplate":"https:\/\/yoga-der-mitte.info\/blogn\/?s={search_term_string}"},"query-input":{"@type":"PropertyValueSpecification","valueRequired":true,"valueName":"search_term_string"}}],"inLanguage":"de"},{"@type":"Organization","@id":"https:\/\/yoga-der-mitte.info\/blogn\/#organization","name":"Sahaja Yoga","url":"https:\/\/yoga-der-mitte.info\/blogn\/","logo":{"@type":"ImageObject","inLanguage":"de","@id":"https:\/\/yoga-der-mitte.info\/blogn\/#\/schema\/logo\/image\/","url":"https:\/\/yoga-der-mitte.info\/blogn\/wp-content\/uploads\/2017\/11\/Chakratafel.jpg","contentUrl":"https:\/\/yoga-der-mitte.info\/blogn\/wp-content\/uploads\/2017\/11\/Chakratafel.jpg","width":510,"height":652,"caption":"Sahaja Yoga"},"image":{"@id":"https:\/\/yoga-der-mitte.info\/blogn\/#\/schema\/logo\/image\/"},"sameAs":["https:\/\/www.facebook.com\/Sahaja-Yoga-Meditation-Krems-1265852353480686\/"]}]}},"_links":{"self":[{"href":"https:\/\/yoga-der-mitte.info\/blogn\/wp-json\/wp\/v2\/pages\/61","targetHints":{"allow":["GET"]}}],"collection":[{"href":"https:\/\/yoga-der-mitte.info\/blogn\/wp-json\/wp\/v2\/pages"}],"about":[{"href":"https:\/\/yoga-der-mitte.info\/blogn\/wp-json\/wp\/v2\/types\/page"}],"author":[{"embeddable":true,"href":"https:\/\/yoga-der-mitte.info\/blogn\/wp-json\/wp\/v2\/users\/3"}],"replies":[{"embeddable":true,"href":"https:\/\/yoga-der-mitte.info\/blogn\/wp-json\/wp\/v2\/comments?post=61"}],"version-history":[{"count":9,"href":"https:\/\/yoga-der-mitte.info\/blogn\/wp-json\/wp\/v2\/pages\/61\/revisions"}],"predecessor-version":[{"id":430,"href":"https:\/\/yoga-der-mitte.info\/blogn\/wp-json\/wp\/v2\/pages\/61\/revisions\/430"}],"wp:attachment":[{"href":"https:\/\/yoga-der-mitte.info\/blogn\/wp-json\/wp\/v2\/media?parent=61"}],"curies":[{"name":"wp","href":"https:\/\/api.w.org\/{rel}","templated":true}]}}