{"id":64,"date":"2017-11-19T07:37:51","date_gmt":"2017-11-19T06:37:51","guid":{"rendered":"http:\/\/yoga-der-mitte.info\/blogn\/?page_id=64"},"modified":"2018-11-08T06:32:30","modified_gmt":"2018-11-08T05:32:30","slug":"energetisches-system","status":"publish","type":"page","link":"https:\/\/yoga-der-mitte.info\/blogn\/energetisches-system\/","title":{"rendered":"Energetisches System"},"content":{"rendered":"<h2><strong>Das subtile System<\/strong><\/h2>\n<p>Das subtile System oder\u00a0energetische System in jedem Menschen ist das feinstoffliche Nervensystem und besteht aus 7 Energiezentren (Chakras) und 3 Kan\u00e4len (Nadis). Die Energiezentren (in der Medizinersprache \u201ePlexi\u201c) steuern die vitalen Funktionen der verschiedenen Organe im menschlichen K\u00f6rper. Die Steuerung der Energiezentren erfolgt wiederum \u00fcber die Energiekan\u00e4le (in der Medizinersprache (Para-)Sympatikus).<\/p>\n<h2><strong>Die Energiezentren<\/strong><\/h2>\n<p>In der Medizin werden ein Energiezentrum als Plexus (= Nervengeflecht) bezeichnet, in der altindischen Sprache Sanskrit als Chakra (= Rad). Durch die kontinuierliche Drehbewegung geben diese Zentren auf der feinstofflichen Ebene Energie an die jeweiligen Organe ab. Die Energiezentren sind Schaltzentralen, an denen sich unser Zentrales Nervensystem (ZNS) aufh\u00e4ngt \u2013 ihre grobstoffliche Entsprechung sind die Nervenplexen, \u00fcber die die Energiezentren die grob- und feinstofflichen Funktionen des menschlichen K\u00f6rpers und Bewusstseins steuern und beeinflussen.<br \/>\nInsgesamt gibt es in unserem K\u00f6rper sieben Hauptenergiezentren , die entlang der Wirbels\u00e4ule wie Perlen an einer Schnur, angesiedelt. Jedes Chakra verk\u00f6rpert ein universelles Urprinzip, dass g\u00f6ttlich-kosmischen Ursprungs ist und als Grundmatrix allen Seins angesehen wird. Die sieben Energiezentren und die ihnen innewohnenden Prinzipien:<\/p>\n<div id=\"attachment_98\" style=\"width: 520px\" class=\"wp-caption alignleft\"><img loading=\"lazy\" decoding=\"async\" aria-describedby=\"caption-attachment-98\" class=\"wp-image-98 size-full\" src=\"http:\/\/yoga-der-mitte.info\/blogn\/wp-content\/uploads\/2017\/11\/Chakratafel.jpg\" alt=\"\" width=\"510\" height=\"652\" srcset=\"https:\/\/yoga-der-mitte.info\/blogn\/wp-content\/uploads\/2017\/11\/Chakratafel.jpg 510w, https:\/\/yoga-der-mitte.info\/blogn\/wp-content\/uploads\/2017\/11\/Chakratafel-235x300.jpg 235w, https:\/\/yoga-der-mitte.info\/blogn\/wp-content\/uploads\/2017\/11\/Chakratafel-117x150.jpg 117w\" sizes=\"auto, (max-width: 510px) 100vw, 510px\" \/><p id=\"caption-attachment-98\" class=\"wp-caption-text\">Chakratafel<\/p><\/div>\n<p>&nbsp;<\/p>\n<p><strong>Die Urprinzipien:<br \/>\n<\/strong>1. Moolhadhara-Chakra (Kreuzbein): kindliche Unschuld, Spontaneit\u00e4t, Weisheit<br \/>\n2. Swadisthan-Chakra (Beckenbereich): Kreativit\u00e4t und reines Wissen<br \/>\n3. Nabhi-Chakra (Bauch): Zufriedenheit, Rechtschaffenheit und Meisterschaft<br \/>\n4. Anahata-Chakra (Herz): Liebe, Mitgef\u00fchl und Selbstvertrauen<br \/>\n5. Vishuddhi-Chakra (Hals): Kollektivit\u00e4t, Respekt und Zeugenschaft<br \/>\n6. Agnya-Chakra (Stirn): Vergebung und Gedankenfreiheit<br \/>\n7. Sahasrara-Chakra (Fontanelle): Integration, Verbindung mit dem Absoluten und Meditation.<\/p>\n<p>&nbsp;<\/p>\n<div style=\"clear: both;\">\n<h3><strong>Die Kundalini<\/strong><\/h3>\n<p>Die Kundalini ist die Reflexion der weiblichen Urkraft des Universums im Menschen. \u201eKundala\u201c bedeutet \u201ein sich selbst aufgerollt\u201c und die Endung \u201eni\u201c bedeutet \u201eweiblich\u201c. Die Kundalini ruht seit unserer Geburt in dreieinhalb Windungen im Kreuzbein und wartet darauf, erweckt zu werden. Die Sahaja-Yoga-Meditation beginnt mit der sanften Erweckung dieser Kundalini-Energie entlang des Zentralkanals (Parasympatikus). Durch den Aufstieg der Kundalini werden die 6 dar\u00fcber liegenden Energiezentren gereinigt und gen\u00e4hrt. Am obersten Energiezentrum (Sahasrara) findet die Verbindung von unseren wahren Selbst (im Sanskrit \u201eAtma\u201c genannt), das im Herzen residiert und der alles durchdringenden Kraft des Universums direkt \u00fcber unserem Scheitel (Fontanelle) statt.<\/p>\n<p>In der Gegenwart von Shri Mataji haben bereits tausende Menschen die sanfte Erweckung der Kundalini-Energie erfahren. Ebenso geht von dem Foto von Shri Mataji eine katalytische Wirkung aus, wodurch unsere Kundalini-Energie positiv angesprochen wird.<\/p>\n<p>Durch den Aufstieg der Kundalini findet auf der subtilen Ebene eine innere Transformation statt, indem sie die Urprinzipien der einzelnen Energiezentren (Chakren) in uns wieder hergestellt werden. Dieser Prozess funktioniert mit dem reinen Wunsch nach Selbstverwirklichung spontan und auf unserem zentralen Nervensystem autonom.<\/p>\n<\/div>\n<h3><strong>Die Energiekan\u00e4le<\/strong><\/h3>\n<p>Auf der k\u00f6rperlichen Ebene entsprechen die drei Kan\u00e4le dem autonomen Nervensystem. Autonom bedeutet in diesem Sinne \u201cnicht steuerbar durch das menschliche Bewusstsein\u201d. Es reguliert z.B. den Herzschlag, die Verdauung, die Ausscheidung. Der linke und rechte Kanal entsprechen dem sympathischen Nervensystem und der mittlere Kanal dem parasympathischen Nervensystem. In Sahaja Yoga lernen wir, dass wir durch die Meditation tats\u00e4chlich positiven Ein\ufb02uss nehmen k\u00f6nnen auf die Funktionalit\u00e4t dieses autonomen Nervensystems<\/p>\n<p>Auf der subtilen Ebene entsprechen die 3 Energiekan\u00e4le den Nadis:<\/p>\n<p>Auf unserer linken K\u00f6rperseite befindet sich der Mond-Kanal (Ida-Nadi). Er beeinflusst Emotionen, Unterbewusstsein, Psyche und Vergangenheit.<\/p>\n<p>Der Mond-Kanal wird auch \u201cweibliche Seite\u201d genannt.<\/p>\n<p>Auf der rechten K\u00f6rperseite befindet sich der Sonnen-Kanal (Pingala-Nadi), die \u201cm\u00e4nnliche Seite\u201d: durch ihn flie\u00dft physische, mentale, kreative und auf die Zukunft gerichtete Energie.<\/p>\n<p>Der mittlere Kanal (Sushumna-Nadi), der entlang der Wirbels\u00e4ule verl\u00e4uft, ist der Evolution und dem spirituellen Aufstieg vorbehalten. Seine Energie ist f\u00fcr die evolution\u00e4re Entwicklung des Menschen die wichtigste. Voraussetzung f\u00fcr die Aktivierung des Zentralkanals ist die Balancierung zwischen linkem und rechtem Kanal. Durch die Erweckung der Kundalini-Kraft auf diesem mittleren Kanal beginnt. kann die Energie des mittleren Kanals verst\u00e4rkt und uns spirituelles Wachstum stattfinden.<\/p>\n","protected":false},"excerpt":{"rendered":"<p>Das subtile System Das subtile System oder\u00a0energetische System in jedem Menschen ist das feinstoffliche Nervensystem und besteht aus 7 Energiezentren (Chakras) und 3 Kan\u00e4len (Nadis). Die Energiezentren (in der Medizinersprache \u201ePlexi\u201c) steuern die vitalen Funktionen der verschiedenen Organe im menschlichen K\u00f6rper. Die Steuerung der Energiezentren erfolgt wiederum \u00fcber die Energiekan\u00e4le \u2026 <a class=\"continue-reading-link\" href=\"https:\/\/yoga-der-mitte.info\/blogn\/energetisches-system\/\">Weiterlesen <span class=\"meta-nav\">&rarr; <\/span><\/a><\/p>\n","protected":false},"author":3,"featured_media":98,"parent":0,"menu_order":0,"comment_status":"closed","ping_status":"closed","template":"templates\/template-twocolumns-right.php","meta":{"footnotes":""},"class_list":["post-64","page","type-page","status-publish","has-post-thumbnail","hentry"],"yoast_head":"<!-- This site is optimized with the Yoast SEO plugin v27.4 - https:\/\/yoast.com\/product\/yoast-seo-wordpress\/ -->\n<title>Energetisches System - Sahaja Yoga Krems subtiles System<\/title>\n<meta name=\"description\" content=\"energetisches System, subtiles System, Nadis, Nervensystem, Energiekan\u00e4le, Kundalini, Ida Nadi, Sushumna Nadi, Pingala Nadi, Sahaja Yoga\" \/>\n<meta name=\"robots\" content=\"index, follow, max-snippet:-1, max-image-preview:large, max-video-preview:-1\" \/>\n<link rel=\"canonical\" href=\"https:\/\/yoga-der-mitte.info\/blogn\/energetisches-system\/\" \/>\n<meta property=\"og:locale\" content=\"de_DE\" \/>\n<meta property=\"og:type\" content=\"article\" \/>\n<meta property=\"og:title\" content=\"Energetisches System - Sahaja Yoga Krems subtiles System\" \/>\n<meta property=\"og:description\" content=\"energetisches System, subtiles System, Nadis, Nervensystem, Energiekan\u00e4le, Kundalini, Ida Nadi, Sushumna Nadi, Pingala Nadi, Sahaja Yoga\" \/>\n<meta property=\"og:url\" content=\"https:\/\/yoga-der-mitte.info\/blogn\/energetisches-system\/\" \/>\n<meta property=\"og:site_name\" content=\"Sahaja Yoga Krems\" \/>\n<meta property=\"article:publisher\" content=\"https:\/\/www.facebook.com\/Sahaja-Yoga-Meditation-Krems-1265852353480686\/\" \/>\n<meta property=\"article:modified_time\" content=\"2018-11-08T05:32:30+00:00\" \/>\n<meta property=\"og:image\" content=\"https:\/\/yoga-der-mitte.info\/blogn\/wp-content\/uploads\/2017\/11\/Chakratafel.jpg\" \/>\n\t<meta property=\"og:image:width\" content=\"510\" \/>\n\t<meta property=\"og:image:height\" content=\"652\" \/>\n\t<meta property=\"og:image:type\" content=\"image\/jpeg\" \/>\n<meta name=\"twitter:card\" content=\"summary_large_image\" \/>\n<meta name=\"twitter:label1\" content=\"Gesch\u00e4tzte Lesezeit\" \/>\n\t<meta name=\"twitter:data1\" content=\"3\u00a0Minuten\" \/>\n<script type=\"application\/ld+json\" class=\"yoast-schema-graph\">{\"@context\":\"https:\\\/\\\/schema.org\",\"@graph\":[{\"@type\":\"WebPage\",\"@id\":\"https:\\\/\\\/yoga-der-mitte.info\\\/blogn\\\/energetisches-system\\\/\",\"url\":\"https:\\\/\\\/yoga-der-mitte.info\\\/blogn\\\/energetisches-system\\\/\",\"name\":\"Energetisches System - Sahaja Yoga Krems subtiles System\",\"isPartOf\":{\"@id\":\"https:\\\/\\\/yoga-der-mitte.info\\\/blogn\\\/#website\"},\"primaryImageOfPage\":{\"@id\":\"https:\\\/\\\/yoga-der-mitte.info\\\/blogn\\\/energetisches-system\\\/#primaryimage\"},\"image\":{\"@id\":\"https:\\\/\\\/yoga-der-mitte.info\\\/blogn\\\/energetisches-system\\\/#primaryimage\"},\"thumbnailUrl\":\"https:\\\/\\\/yoga-der-mitte.info\\\/blogn\\\/wp-content\\\/uploads\\\/2017\\\/11\\\/Chakratafel.jpg\",\"datePublished\":\"2017-11-19T06:37:51+00:00\",\"dateModified\":\"2018-11-08T05:32:30+00:00\",\"description\":\"energetisches System, subtiles System, Nadis, Nervensystem, Energiekan\u00e4le, Kundalini, Ida Nadi, Sushumna Nadi, Pingala Nadi, Sahaja Yoga\",\"breadcrumb\":{\"@id\":\"https:\\\/\\\/yoga-der-mitte.info\\\/blogn\\\/energetisches-system\\\/#breadcrumb\"},\"inLanguage\":\"de\",\"potentialAction\":[{\"@type\":\"ReadAction\",\"target\":[\"https:\\\/\\\/yoga-der-mitte.info\\\/blogn\\\/energetisches-system\\\/\"]}]},{\"@type\":\"ImageObject\",\"inLanguage\":\"de\",\"@id\":\"https:\\\/\\\/yoga-der-mitte.info\\\/blogn\\\/energetisches-system\\\/#primaryimage\",\"url\":\"https:\\\/\\\/yoga-der-mitte.info\\\/blogn\\\/wp-content\\\/uploads\\\/2017\\\/11\\\/Chakratafel.jpg\",\"contentUrl\":\"https:\\\/\\\/yoga-der-mitte.info\\\/blogn\\\/wp-content\\\/uploads\\\/2017\\\/11\\\/Chakratafel.jpg\",\"width\":510,\"height\":652},{\"@type\":\"BreadcrumbList\",\"@id\":\"https:\\\/\\\/yoga-der-mitte.info\\\/blogn\\\/energetisches-system\\\/#breadcrumb\",\"itemListElement\":[{\"@type\":\"ListItem\",\"position\":1,\"name\":\"Startseite\",\"item\":\"https:\\\/\\\/yoga-der-mitte.info\\\/blogn\\\/\"},{\"@type\":\"ListItem\",\"position\":2,\"name\":\"Energetisches System\"}]},{\"@type\":\"WebSite\",\"@id\":\"https:\\\/\\\/yoga-der-mitte.info\\\/blogn\\\/#website\",\"url\":\"https:\\\/\\\/yoga-der-mitte.info\\\/blogn\\\/\",\"name\":\"Sahaja Yoga Krems\",\"description\":\"- Yoga der Mitte\",\"publisher\":{\"@id\":\"https:\\\/\\\/yoga-der-mitte.info\\\/blogn\\\/#organization\"},\"potentialAction\":[{\"@type\":\"SearchAction\",\"target\":{\"@type\":\"EntryPoint\",\"urlTemplate\":\"https:\\\/\\\/yoga-der-mitte.info\\\/blogn\\\/?s={search_term_string}\"},\"query-input\":{\"@type\":\"PropertyValueSpecification\",\"valueRequired\":true,\"valueName\":\"search_term_string\"}}],\"inLanguage\":\"de\"},{\"@type\":\"Organization\",\"@id\":\"https:\\\/\\\/yoga-der-mitte.info\\\/blogn\\\/#organization\",\"name\":\"Sahaja Yoga\",\"url\":\"https:\\\/\\\/yoga-der-mitte.info\\\/blogn\\\/\",\"logo\":{\"@type\":\"ImageObject\",\"inLanguage\":\"de\",\"@id\":\"https:\\\/\\\/yoga-der-mitte.info\\\/blogn\\\/#\\\/schema\\\/logo\\\/image\\\/\",\"url\":\"https:\\\/\\\/yoga-der-mitte.info\\\/blogn\\\/wp-content\\\/uploads\\\/2017\\\/11\\\/Chakratafel.jpg\",\"contentUrl\":\"https:\\\/\\\/yoga-der-mitte.info\\\/blogn\\\/wp-content\\\/uploads\\\/2017\\\/11\\\/Chakratafel.jpg\",\"width\":510,\"height\":652,\"caption\":\"Sahaja Yoga\"},\"image\":{\"@id\":\"https:\\\/\\\/yoga-der-mitte.info\\\/blogn\\\/#\\\/schema\\\/logo\\\/image\\\/\"},\"sameAs\":[\"https:\\\/\\\/www.facebook.com\\\/Sahaja-Yoga-Meditation-Krems-1265852353480686\\\/\"]}]}<\/script>\n<!-- \/ Yoast SEO plugin. -->","yoast_head_json":{"title":"Energetisches System - Sahaja Yoga Krems subtiles System","description":"energetisches System, subtiles System, Nadis, Nervensystem, Energiekan\u00e4le, Kundalini, Ida Nadi, Sushumna Nadi, Pingala Nadi, Sahaja Yoga","robots":{"index":"index","follow":"follow","max-snippet":"max-snippet:-1","max-image-preview":"max-image-preview:large","max-video-preview":"max-video-preview:-1"},"canonical":"https:\/\/yoga-der-mitte.info\/blogn\/energetisches-system\/","og_locale":"de_DE","og_type":"article","og_title":"Energetisches System - Sahaja Yoga Krems subtiles System","og_description":"energetisches System, subtiles System, Nadis, Nervensystem, Energiekan\u00e4le, Kundalini, Ida Nadi, Sushumna Nadi, Pingala Nadi, Sahaja Yoga","og_url":"https:\/\/yoga-der-mitte.info\/blogn\/energetisches-system\/","og_site_name":"Sahaja Yoga Krems","article_publisher":"https:\/\/www.facebook.com\/Sahaja-Yoga-Meditation-Krems-1265852353480686\/","article_modified_time":"2018-11-08T05:32:30+00:00","og_image":[{"width":510,"height":652,"url":"https:\/\/yoga-der-mitte.info\/blogn\/wp-content\/uploads\/2017\/11\/Chakratafel.jpg","type":"image\/jpeg"}],"twitter_card":"summary_large_image","twitter_misc":{"Gesch\u00e4tzte Lesezeit":"3\u00a0Minuten"},"schema":{"@context":"https:\/\/schema.org","@graph":[{"@type":"WebPage","@id":"https:\/\/yoga-der-mitte.info\/blogn\/energetisches-system\/","url":"https:\/\/yoga-der-mitte.info\/blogn\/energetisches-system\/","name":"Energetisches System - Sahaja Yoga Krems subtiles System","isPartOf":{"@id":"https:\/\/yoga-der-mitte.info\/blogn\/#website"},"primaryImageOfPage":{"@id":"https:\/\/yoga-der-mitte.info\/blogn\/energetisches-system\/#primaryimage"},"image":{"@id":"https:\/\/yoga-der-mitte.info\/blogn\/energetisches-system\/#primaryimage"},"thumbnailUrl":"https:\/\/yoga-der-mitte.info\/blogn\/wp-content\/uploads\/2017\/11\/Chakratafel.jpg","datePublished":"2017-11-19T06:37:51+00:00","dateModified":"2018-11-08T05:32:30+00:00","description":"energetisches System, subtiles System, Nadis, Nervensystem, Energiekan\u00e4le, Kundalini, Ida Nadi, Sushumna Nadi, Pingala Nadi, Sahaja Yoga","breadcrumb":{"@id":"https:\/\/yoga-der-mitte.info\/blogn\/energetisches-system\/#breadcrumb"},"inLanguage":"de","potentialAction":[{"@type":"ReadAction","target":["https:\/\/yoga-der-mitte.info\/blogn\/energetisches-system\/"]}]},{"@type":"ImageObject","inLanguage":"de","@id":"https:\/\/yoga-der-mitte.info\/blogn\/energetisches-system\/#primaryimage","url":"https:\/\/yoga-der-mitte.info\/blogn\/wp-content\/uploads\/2017\/11\/Chakratafel.jpg","contentUrl":"https:\/\/yoga-der-mitte.info\/blogn\/wp-content\/uploads\/2017\/11\/Chakratafel.jpg","width":510,"height":652},{"@type":"BreadcrumbList","@id":"https:\/\/yoga-der-mitte.info\/blogn\/energetisches-system\/#breadcrumb","itemListElement":[{"@type":"ListItem","position":1,"name":"Startseite","item":"https:\/\/yoga-der-mitte.info\/blogn\/"},{"@type":"ListItem","position":2,"name":"Energetisches System"}]},{"@type":"WebSite","@id":"https:\/\/yoga-der-mitte.info\/blogn\/#website","url":"https:\/\/yoga-der-mitte.info\/blogn\/","name":"Sahaja Yoga Krems","description":"- Yoga der Mitte","publisher":{"@id":"https:\/\/yoga-der-mitte.info\/blogn\/#organization"},"potentialAction":[{"@type":"SearchAction","target":{"@type":"EntryPoint","urlTemplate":"https:\/\/yoga-der-mitte.info\/blogn\/?s={search_term_string}"},"query-input":{"@type":"PropertyValueSpecification","valueRequired":true,"valueName":"search_term_string"}}],"inLanguage":"de"},{"@type":"Organization","@id":"https:\/\/yoga-der-mitte.info\/blogn\/#organization","name":"Sahaja Yoga","url":"https:\/\/yoga-der-mitte.info\/blogn\/","logo":{"@type":"ImageObject","inLanguage":"de","@id":"https:\/\/yoga-der-mitte.info\/blogn\/#\/schema\/logo\/image\/","url":"https:\/\/yoga-der-mitte.info\/blogn\/wp-content\/uploads\/2017\/11\/Chakratafel.jpg","contentUrl":"https:\/\/yoga-der-mitte.info\/blogn\/wp-content\/uploads\/2017\/11\/Chakratafel.jpg","width":510,"height":652,"caption":"Sahaja Yoga"},"image":{"@id":"https:\/\/yoga-der-mitte.info\/blogn\/#\/schema\/logo\/image\/"},"sameAs":["https:\/\/www.facebook.com\/Sahaja-Yoga-Meditation-Krems-1265852353480686\/"]}]}},"_links":{"self":[{"href":"https:\/\/yoga-der-mitte.info\/blogn\/wp-json\/wp\/v2\/pages\/64","targetHints":{"allow":["GET"]}}],"collection":[{"href":"https:\/\/yoga-der-mitte.info\/blogn\/wp-json\/wp\/v2\/pages"}],"about":[{"href":"https:\/\/yoga-der-mitte.info\/blogn\/wp-json\/wp\/v2\/types\/page"}],"author":[{"embeddable":true,"href":"https:\/\/yoga-der-mitte.info\/blogn\/wp-json\/wp\/v2\/users\/3"}],"replies":[{"embeddable":true,"href":"https:\/\/yoga-der-mitte.info\/blogn\/wp-json\/wp\/v2\/comments?post=64"}],"version-history":[{"count":13,"href":"https:\/\/yoga-der-mitte.info\/blogn\/wp-json\/wp\/v2\/pages\/64\/revisions"}],"predecessor-version":[{"id":431,"href":"https:\/\/yoga-der-mitte.info\/blogn\/wp-json\/wp\/v2\/pages\/64\/revisions\/431"}],"wp:featuredmedia":[{"embeddable":true,"href":"https:\/\/yoga-der-mitte.info\/blogn\/wp-json\/wp\/v2\/media\/98"}],"wp:attachment":[{"href":"https:\/\/yoga-der-mitte.info\/blogn\/wp-json\/wp\/v2\/media?parent=64"}],"curies":[{"name":"wp","href":"https:\/\/api.w.org\/{rel}","templated":true}]}}